{"id":6249,"date":"2025-11-03T11:38:34","date_gmt":"2025-11-03T09:38:34","guid":{"rendered":"https:\/\/obieglo.com.pl\/?page_id=6249"},"modified":"2026-01-23T06:36:03","modified_gmt":"2026-01-23T04:36:03","slug":"dla-regionu","status":"publish","type":"page","link":"https:\/\/obieglo.com.pl\/en\/dla-regionu\/","title":{"rendered":"Dla Regionu"},"content":{"rendered":"<div data-elementor-type=\"wp-page\" data-elementor-id=\"6249\" class=\"elementor elementor-6249\" data-elementor-post-type=\"page\">\n\t\t\t\t<div class=\"elementor-element elementor-element-2d898ea e-flex e-con-boxed e-con e-parent\" data-id=\"2d898ea\" data-element_type=\"container\" data-e-type=\"container\">\n\t\t\t\t\t<div class=\"e-con-inner\">\n\t\t\t\t<div class=\"elementor-element elementor-element-22b0083 elementor-widget elementor-widget-visaland-heading-title-widget\" data-id=\"22b0083\" data-element_type=\"widget\" data-e-type=\"widget\" data-widget_type=\"visaland-heading-title-widget.default\">\n\t\t\t\t<div class=\"elementor-widget-container\">\n\t\t\t\t\t\r\n\t\t\r\n\r\n\t<div class=\"section-title text-center\">\r\n\t\t<span class=\"wow fadeInUp\">DLA REGIONU W POLSCE<\/span>\r\n\t\t<h2 class=\"title-anim\">\r\n\t\t\tPoznaj nasz\u0105 ofert\u0119 regionaln\u0105 <br>meble w najwi\u0119kszych miastach w Polsce\n\t\t<\/h2>\r\n\t<\/div>\r\n\r\n\t\r\n             \r\n\t\t\t\t\t\t<\/div>\n\t\t\t\t<\/div>\n\t\t\t\t\t<\/div>\n\t\t\t\t<\/div>\n\t\t<div class=\"elementor-element elementor-element-d5e89ef e-flex e-con-boxed e-con e-parent\" data-id=\"d5e89ef\" data-element_type=\"container\" data-e-type=\"container\">\n\t\t\t\t\t<div class=\"e-con-inner\">\n\t\t\t\t<div class=\"elementor-element elementor-element-69abbd7 elementor-widget elementor-widget-text-editor\" data-id=\"69abbd7\" data-element_type=\"widget\" data-e-type=\"widget\" data-widget_type=\"text-editor.default\">\n\t\t\t\t<div class=\"elementor-widget-container\">\n\t\t\t\t\t\t\t\t\t<p>Dzia\u0142amy lokalnie, dlatego przygotowali\u015bmy dedykowane oferty mebli dla najwi\u0119kszych miast w Polsce. Dzi\u0119ki temu mo\u017cesz szybko sprawdzi\u0107 dost\u0119pne kolekcje, zestawy oraz inspiracje dopasowane do Twojego regionu. Wybierz swoje miasto z listy poni\u017cej i poznaj ofert\u0119 przygotowan\u0105 specjalnie dla Ciebie.<\/p>\t\t\t\t\t\t\t\t<\/div>\n\t\t\t\t<\/div>\n\t\t\t\t\t<\/div>\n\t\t\t\t<\/div>\n\t\t<div class=\"elementor-element elementor-element-23a1fec e-con-full e-flex e-con e-child\" data-id=\"23a1fec\" data-element_type=\"container\" data-e-type=\"container\">\n\t\t\t\t<div class=\"elementor-element elementor-element-154ba46 elementor-icon-list--layout-traditional elementor-list-item-link-full_width elementor-widget elementor-widget-icon-list\" data-id=\"154ba46\" data-element_type=\"widget\" data-e-type=\"widget\" data-widget_type=\"icon-list.default\">\n\t\t\t\t<div class=\"elementor-widget-container\">\n\t\t\t\t\t\t\t<ul class=\"elementor-icon-list-items\">\n\t\t\t\t\t\t\t<li class=\"elementor-icon-list-item\">\n\t\t\t\t\t\t\t\t\t\t\t<a href=\"\/en\/meble-wroclaw\/\">\n\n\t\t\t\t\t\t\t\t\t\t\t\t<span class=\"elementor-icon-list-icon\">\n\t\t\t\t\t\t\t<svg aria-hidden=\"true\" class=\"e-font-icon-svg e-fas-check\" viewbox=\"0 0 512 512\" xmlns=\"http:\/\/www.w3.org\/2000\/svg\"><path d=\"M173.898 439.404l-166.4-166.4c-9.997-9.997-9.997-26.206 0-36.204l36.203-36.204c9.997-9.998 26.207-9.998 36.204 0L192 312.69 432.095 72.596c9.997-9.997 26.207-9.997 36.204 0l36.203 36.204c9.997 9.997 9.997 26.206 0 36.204l-294.4 294.401c-9.998 9.997-26.207 9.997-36.204-.001z\"><\/path><\/svg>\t\t\t\t\t\t<\/span>\n\t\t\t\t\t\t\t\t\t\t<span class=\"elementor-icon-list-text\">Meble Wroc\u0142aw<\/span>\n\t\t\t\t\t\t\t\t\t\t\t<\/a>\n\t\t\t\t\t\t\t\t\t<\/li>\n\t\t\t\t\t\t<\/ul>\n\t\t\t\t\t\t<\/div>\n\t\t\t\t<\/div>\n\t\t\t\t<\/div>\n\t\t\t\t<\/div>","protected":false},"excerpt":{"rendered":"<p>DLA REGIONU W POLSCE Poznaj nasz\u0105 ofert\u0119 regionaln\u0105 meble w najwi\u0119kszych miastach w Polsce Dzia\u0142amy lokalnie, dlatego przygotowali\u015bmy dedykowane oferty mebli dla najwi\u0119kszych miast w Polsce. Dzi\u0119ki temu mo\u017cesz szybko sprawdzi\u0107 dost\u0119pne kolekcje, zestawy oraz inspiracje dopasowane do Twojego regionu. Wybierz swoje miasto z listy poni\u017cej i poznaj ofert\u0119 przygotowan\u0105 specjalnie dla Ciebie. Meble Wroc\u0142aw<\/p>","protected":false},"author":5,"featured_media":0,"parent":0,"menu_order":0,"comment_status":"closed","ping_status":"closed","template":"","meta":{"inline_featured_image":false,"footnotes":""},"class_list":["post-6249","page","type-page","status-publish","hentry"],"yoast_head":"<!-- This site is optimized with the Yoast SEO Premium plugin v26.1 (Yoast SEO v26.1) - https:\/\/yoast.com\/wordpress\/plugins\/seo\/ -->\n<title>Obieg\u0142o \u2013 meble lokalnie z miast i region\u00f3w ca\u0142ej Polski<\/title>\n<meta name=\"description\" content=\"Sprawd\u017a jakie meble mo\u017cesz znale\u017a\u0107 w swoim regionie od Obieg\u0142o Meble. Dzia\u0142amy w ca\u0142ej Polsce - poszukaj najbli\u017cszego salonu!\" \/>\n<meta name=\"robots\" content=\"index, follow, max-snippet:-1, max-image-preview:large, max-video-preview:-1\" \/>\n<link rel=\"canonical\" href=\"https:\/\/obieglo.com.pl\/en\/dla-regionu\/\" \/>\n<meta property=\"og:locale\" content=\"en_GB\" \/>\n<meta property=\"og:type\" content=\"article\" \/>\n<meta property=\"og:title\" content=\"Dla Regionu\" \/>\n<meta property=\"og:description\" content=\"Sprawd\u017a jakie meble mo\u017cesz znale\u017a\u0107 w swoim regionie od Obieg\u0142o Meble. Dzia\u0142amy w ca\u0142ej Polsce - poszukaj najbli\u017cszego salonu!\" \/>\n<meta property=\"og:url\" content=\"https:\/\/obieglo.com.pl\/en\/dla-regionu\/\" \/>\n<meta property=\"og:site_name\" content=\"MEBLE OBIEG\u0141O\" \/>\n<meta property=\"article:modified_time\" content=\"2026-01-23T04:36:03+00:00\" \/>\n<meta name=\"twitter:card\" content=\"summary_large_image\" \/>\n<meta name=\"twitter:label1\" content=\"Estimated reading time\" \/>\n\t<meta name=\"twitter:data1\" content=\"1 minute\" \/>\n<script type=\"application\/ld+json\" class=\"yoast-schema-graph\">{\"@context\":\"https:\/\/schema.org\",\"@graph\":[{\"@type\":\"WebPage\",\"@id\":\"https:\/\/obieglo.com.pl\/dla-regionu\/\",\"url\":\"https:\/\/obieglo.com.pl\/dla-regionu\/\",\"name\":\"Obieg\u0142o \u2013 meble lokalnie z miast i region\u00f3w ca\u0142ej Polski\",\"isPartOf\":{\"@id\":\"https:\/\/obieglo.com.pl\/#website\"},\"datePublished\":\"2025-11-03T09:38:34+00:00\",\"dateModified\":\"2026-01-23T04:36:03+00:00\",\"description\":\"Sprawd\u017a jakie meble mo\u017cesz znale\u017a\u0107 w swoim regionie od Obieg\u0142o Meble. Dzia\u0142amy w ca\u0142ej Polsce - poszukaj najbli\u017cszego salonu!\",\"breadcrumb\":{\"@id\":\"https:\/\/obieglo.com.pl\/dla-regionu\/#breadcrumb\"},\"inLanguage\":\"en-GB\",\"potentialAction\":[{\"@type\":\"ReadAction\",\"target\":[\"https:\/\/obieglo.com.pl\/dla-regionu\/\"]}]},{\"@type\":\"BreadcrumbList\",\"@id\":\"https:\/\/obieglo.com.pl\/dla-regionu\/#breadcrumb\",\"itemListElement\":[{\"@type\":\"ListItem\",\"position\":1,\"name\":\"Strona g\u0142\u00f3wna\",\"item\":\"https:\/\/obieglo.com.pl\/\"},{\"@type\":\"ListItem\",\"position\":2,\"name\":\"Dla Regionu\"}]},{\"@type\":\"WebSite\",\"@id\":\"https:\/\/obieglo.com.pl\/#website\",\"url\":\"https:\/\/obieglo.com.pl\/\",\"name\":\"MEBLE OBIEG\u0141O\",\"description\":\"\",\"publisher\":{\"@id\":\"https:\/\/obieglo.com.pl\/#organization\"},\"potentialAction\":[{\"@type\":\"SearchAction\",\"target\":{\"@type\":\"EntryPoint\",\"urlTemplate\":\"https:\/\/obieglo.com.pl\/?s={search_term_string}\"},\"query-input\":{\"@type\":\"PropertyValueSpecification\",\"valueRequired\":true,\"valueName\":\"search_term_string\"}}],\"inLanguage\":\"en-GB\"},{\"@type\":\"Organization\",\"@id\":\"https:\/\/obieglo.com.pl\/#organization\",\"name\":\"MEBLE OBIEG\u0141O\",\"url\":\"https:\/\/obieglo.com.pl\/\",\"logo\":{\"@type\":\"ImageObject\",\"inLanguage\":\"en-GB\",\"@id\":\"https:\/\/obieglo.com.pl\/#\/schema\/logo\/image\/\",\"url\":\"https:\/\/obieglo.com.pl\/wp-content\/uploads\/2025\/06\/OBIEGLO_LOGO_KOLOR_CZARNY.png\",\"contentUrl\":\"https:\/\/obieglo.com.pl\/wp-content\/uploads\/2025\/06\/OBIEGLO_LOGO_KOLOR_CZARNY.png\",\"width\":262,\"height\":72,\"caption\":\"MEBLE OBIEG\u0141O\"},\"image\":{\"@id\":\"https:\/\/obieglo.com.pl\/#\/schema\/logo\/image\/\"}}]}<\/script>\n<!-- \/ Yoast SEO Premium plugin. -->","yoast_head_json":{"title":"Obieg\u0142o \u2013 meble lokalnie z miast i region\u00f3w ca\u0142ej Polski","description":"Sprawd\u017a jakie meble mo\u017cesz znale\u017a\u0107 w swoim regionie od Obieg\u0142o Meble. Dzia\u0142amy w ca\u0142ej Polsce - poszukaj najbli\u017cszego salonu!","robots":{"index":"index","follow":"follow","max-snippet":"max-snippet:-1","max-image-preview":"max-image-preview:large","max-video-preview":"max-video-preview:-1"},"canonical":"https:\/\/obieglo.com.pl\/en\/dla-regionu\/","og_locale":"en_GB","og_type":"article","og_title":"Dla Regionu","og_description":"Sprawd\u017a jakie meble mo\u017cesz znale\u017a\u0107 w swoim regionie od Obieg\u0142o Meble. Dzia\u0142amy w ca\u0142ej Polsce - poszukaj najbli\u017cszego salonu!","og_url":"https:\/\/obieglo.com.pl\/en\/dla-regionu\/","og_site_name":"MEBLE OBIEG\u0141O","article_modified_time":"2026-01-23T04:36:03+00:00","twitter_card":"summary_large_image","twitter_misc":{"Estimated reading time":"1 minute"},"schema":{"@context":"https:\/\/schema.org","@graph":[{"@type":"WebPage","@id":"https:\/\/obieglo.com.pl\/dla-regionu\/","url":"https:\/\/obieglo.com.pl\/dla-regionu\/","name":"Obieg\u0142o \u2013 meble lokalnie z miast i region\u00f3w ca\u0142ej Polski","isPartOf":{"@id":"https:\/\/obieglo.com.pl\/#website"},"datePublished":"2025-11-03T09:38:34+00:00","dateModified":"2026-01-23T04:36:03+00:00","description":"Sprawd\u017a jakie meble mo\u017cesz znale\u017a\u0107 w swoim regionie od Obieg\u0142o Meble. Dzia\u0142amy w ca\u0142ej Polsce - poszukaj najbli\u017cszego salonu!","breadcrumb":{"@id":"https:\/\/obieglo.com.pl\/dla-regionu\/#breadcrumb"},"inLanguage":"en-GB","potentialAction":[{"@type":"ReadAction","target":["https:\/\/obieglo.com.pl\/dla-regionu\/"]}]},{"@type":"BreadcrumbList","@id":"https:\/\/obieglo.com.pl\/dla-regionu\/#breadcrumb","itemListElement":[{"@type":"ListItem","position":1,"name":"Strona g\u0142\u00f3wna","item":"https:\/\/obieglo.com.pl\/"},{"@type":"ListItem","position":2,"name":"Dla Regionu"}]},{"@type":"WebSite","@id":"https:\/\/obieglo.com.pl\/#website","url":"https:\/\/obieglo.com.pl\/","name":"MEBLE OBIEG\u0141O","description":"","publisher":{"@id":"https:\/\/obieglo.com.pl\/#organization"},"potentialAction":[{"@type":"SearchAction","target":{"@type":"EntryPoint","urlTemplate":"https:\/\/obieglo.com.pl\/?s={search_term_string}"},"query-input":{"@type":"PropertyValueSpecification","valueRequired":true,"valueName":"search_term_string"}}],"inLanguage":"en-GB"},{"@type":"Organization","@id":"https:\/\/obieglo.com.pl\/#organization","name":"MEBLE OBIEG\u0141O","url":"https:\/\/obieglo.com.pl\/","logo":{"@type":"ImageObject","inLanguage":"en-GB","@id":"https:\/\/obieglo.com.pl\/#\/schema\/logo\/image\/","url":"https:\/\/obieglo.com.pl\/wp-content\/uploads\/2025\/06\/OBIEGLO_LOGO_KOLOR_CZARNY.png","contentUrl":"https:\/\/obieglo.com.pl\/wp-content\/uploads\/2025\/06\/OBIEGLO_LOGO_KOLOR_CZARNY.png","width":262,"height":72,"caption":"MEBLE OBIEG\u0141O"},"image":{"@id":"https:\/\/obieglo.com.pl\/#\/schema\/logo\/image\/"}}]}},"_links":{"self":[{"href":"https:\/\/obieglo.com.pl\/en\/wp-json\/wp\/v2\/pages\/6249","targetHints":{"allow":["GET"]}}],"collection":[{"href":"https:\/\/obieglo.com.pl\/en\/wp-json\/wp\/v2\/pages"}],"about":[{"href":"https:\/\/obieglo.com.pl\/en\/wp-json\/wp\/v2\/types\/page"}],"author":[{"embeddable":true,"href":"https:\/\/obieglo.com.pl\/en\/wp-json\/wp\/v2\/users\/5"}],"replies":[{"embeddable":true,"href":"https:\/\/obieglo.com.pl\/en\/wp-json\/wp\/v2\/comments?post=6249"}],"version-history":[{"count":16,"href":"https:\/\/obieglo.com.pl\/en\/wp-json\/wp\/v2\/pages\/6249\/revisions"}],"predecessor-version":[{"id":6299,"href":"https:\/\/obieglo.com.pl\/en\/wp-json\/wp\/v2\/pages\/6249\/revisions\/6299"}],"wp:attachment":[{"href":"https:\/\/obieglo.com.pl\/en\/wp-json\/wp\/v2\/media?parent=6249"}],"curies":[{"name":"wp","href":"https:\/\/api.w.org\/{rel}","templated":true}]}}