{"id":1326,"date":"2024-09-24T10:26:06","date_gmt":"2024-09-24T10:26:06","guid":{"rendered":"https:\/\/modinatheme.com\/visaland\/?page_id=1326"},"modified":"2025-07-11T14:34:36","modified_gmt":"2025-07-11T12:34:36","slug":"kontakt","status":"publish","type":"page","link":"https:\/\/obieglo.com.pl\/en\/kontakt\/","title":{"rendered":"Kontakt"},"content":{"rendered":"<div data-elementor-type=\"wp-page\" data-elementor-id=\"1326\" class=\"elementor elementor-1326\" data-elementor-post-type=\"page\">\n\t\t\t\t<div class=\"elementor-element elementor-element-63904e4 e-flex e-con-boxed e-con e-parent\" data-id=\"63904e4\" data-element_type=\"container\" data-e-type=\"container\" data-settings=\"{&quot;background_background&quot;:&quot;classic&quot;}\">\n\t\t\t\t\t<div class=\"e-con-inner\">\n\t\t<div class=\"elementor-element elementor-element-f3ada9c e-con-full e-flex e-con e-child\" data-id=\"f3ada9c\" data-element_type=\"container\" data-e-type=\"container\">\n\t\t\t\t<div class=\"elementor-element elementor-element-3388234 elementor-widget elementor-widget-visaland-heading-title-widget\" data-id=\"3388234\" data-element_type=\"widget\" data-e-type=\"widget\" data-widget_type=\"visaland-heading-title-widget.default\">\n\t\t\t\t<div class=\"elementor-widget-container\">\n\t\t\t\t\t\r\n\t\r\n\r\n\t<div class=\"section-title\">\r\n\t\t<span class=\"wow fadeInUp\">Zapraszamy do kontaktu<\/span>\r\n\t\t<h2 class=\"title-anim\">\r\n\t\t\tDane kontaktowe\t\t<\/h2>\r\n\t<\/div>\r\n\r\n\t\r\n             \r\n\t\t\t\t\t\t<\/div>\n\t\t\t\t<\/div>\n\t\t\t\t<div class=\"elementor-element elementor-element-1d5337b elementor-widget elementor-widget-text-editor\" data-id=\"1d5337b\" data-element_type=\"widget\" data-e-type=\"widget\" data-widget_type=\"text-editor.default\">\n\t\t\t\t<div class=\"elementor-widget-container\">\n\t\t\t\t\t\t\t\t\t<p>Obieg\u0142o Meble to czo\u0142owy producent eleganckich i solidnych mebli pokojowych, kt\u00f3ry od 1988 roku \u0142\u0105czy tradycj\u0119 z nowoczesnymi technologiami!<\/p>\t\t\t\t\t\t\t\t<\/div>\n\t\t\t\t<\/div>\n\t\t\t\t<div class=\"elementor-element elementor-element-91f3d17 elementor-position-inline-start elementor-mobile-position-inline-start elementor-view-default elementor-widget elementor-widget-icon-box\" data-id=\"91f3d17\" data-element_type=\"widget\" data-e-type=\"widget\" data-widget_type=\"icon-box.default\">\n\t\t\t\t<div class=\"elementor-widget-container\">\n\t\t\t\t\t\t\t<div class=\"elementor-icon-box-wrapper\">\n\n\t\t\t\t\t\t<div class=\"elementor-icon-box-icon\">\n\t\t\t\t<a href=\"tel:+48%20713%20159%20900\" class=\"elementor-icon\" tabindex=\"-1\" aria-label=\"Zadzwo\u0144\">\n\t\t\t\t<i aria-hidden=\"true\" class=\"flaticon-phone-call\"><\/i>\t\t\t\t<\/a>\n\t\t\t<\/div>\n\t\t\t\n\t\t\t\t\t\t<div class=\"elementor-icon-box-content\">\n\n\t\t\t\t\t\t\t\t\t<h3 class=\"elementor-icon-box-title\">\n\t\t\t\t\t\t<a href=\"tel:+48%20713%20159%20900\" >\n\t\t\t\t\t\t\tZadzwo\u0144\t\t\t\t\t\t<\/a>\n\t\t\t\t\t<\/h3>\n\t\t\t\t\n\t\t\t\t\t\t\t\t\t<p class=\"elementor-icon-box-description\">\n\t\t\t\t\t\t+48 713 159 900\t\t\t\t\t<\/p>\n\t\t\t\t\n\t\t\t<\/div>\n\t\t\t\n\t\t<\/div>\n\t\t\t\t\t\t<\/div>\n\t\t\t\t<\/div>\n\t\t\t\t<div class=\"elementor-element elementor-element-3497f97 elementor-position-inline-start elementor-mobile-position-inline-start elementor-view-default elementor-widget elementor-widget-icon-box\" data-id=\"3497f97\" data-element_type=\"widget\" data-e-type=\"widget\" data-widget_type=\"icon-box.default\">\n\t\t\t\t<div class=\"elementor-widget-container\">\n\t\t\t\t\t\t\t<div class=\"elementor-icon-box-wrapper\">\n\n\t\t\t\t\t\t<div class=\"elementor-icon-box-icon\">\n\t\t\t\t<a href=\"mailto:biuro@obieglo.com.pl\" class=\"elementor-icon\" tabindex=\"-1\" aria-label=\"Napisz\">\n\t\t\t\t<i aria-hidden=\"true\" class=\"flaticon-email\"><\/i>\t\t\t\t<\/a>\n\t\t\t<\/div>\n\t\t\t\n\t\t\t\t\t\t<div class=\"elementor-icon-box-content\">\n\n\t\t\t\t\t\t\t\t\t<h3 class=\"elementor-icon-box-title\">\n\t\t\t\t\t\t<a href=\"mailto:biuro@obieglo.com.pl\" >\n\t\t\t\t\t\t\tNapisz\t\t\t\t\t\t<\/a>\n\t\t\t\t\t<\/h3>\n\t\t\t\t\n\t\t\t\t\t\t\t\t\t<p class=\"elementor-icon-box-description\">\n\t\t\t\t\t\tbiuro@obieglo.com.pl\t\t\t\t\t<\/p>\n\t\t\t\t\n\t\t\t<\/div>\n\t\t\t\n\t\t<\/div>\n\t\t\t\t\t\t<\/div>\n\t\t\t\t<\/div>\n\t\t\t\t<div class=\"elementor-element elementor-element-daf962f elementor-position-inline-start elementor-mobile-position-inline-start elementor-view-default elementor-widget elementor-widget-icon-box\" data-id=\"daf962f\" data-element_type=\"widget\" data-e-type=\"widget\" data-widget_type=\"icon-box.default\">\n\t\t\t\t<div class=\"elementor-widget-container\">\n\t\t\t\t\t\t\t<div class=\"elementor-icon-box-wrapper\">\n\n\t\t\t\t\t\t<div class=\"elementor-icon-box-icon\">\n\t\t\t\t<a href=\"#\" class=\"elementor-icon\" tabindex=\"-1\" aria-label=\"Adres\">\n\t\t\t\t<i aria-hidden=\"true\" class=\"flaticon-airplane-flight-in-circle-around-earth\"><\/i>\t\t\t\t<\/a>\n\t\t\t<\/div>\n\t\t\t\n\t\t\t\t\t\t<div class=\"elementor-icon-box-content\">\n\n\t\t\t\t\t\t\t\t\t<h3 class=\"elementor-icon-box-title\">\n\t\t\t\t\t\t<a href=\"#\" >\n\t\t\t\t\t\t\tAdres\t\t\t\t\t\t<\/a>\n\t\t\t\t\t<\/h3>\n\t\t\t\t\n\t\t\t\t\t\t\t\t\t<p class=\"elementor-icon-box-description\">\n\t\t\t\t\t\tS\u0105dro\u017cyce 15, 56-416 Twardog\u00f3ra\t\t\t\t\t<\/p>\n\t\t\t\t\n\t\t\t<\/div>\n\t\t\t\n\t\t<\/div>\n\t\t\t\t\t\t<\/div>\n\t\t\t\t<\/div>\n\t\t\t\t<div class=\"elementor-element elementor-element-c09f86b elementor-widget elementor-widget-image\" data-id=\"c09f86b\" data-element_type=\"widget\" data-e-type=\"widget\" data-widget_type=\"image.default\">\n\t\t\t\t<div class=\"elementor-widget-container\">\n\t\t\t\t\t\t\t\t\t\t\t\t\t\t\t<img fetchpriority=\"high\" decoding=\"async\" width=\"740\" height=\"444\" src=\"https:\/\/obieglo.com.pl\/wp-content\/uploads\/2025\/06\/GOL-orzech-min.jpg\" class=\"attachment-large size-large wp-image-1512\" alt=\"\" srcset=\"https:\/\/obieglo.com.pl\/wp-content\/uploads\/2025\/06\/GOL-orzech-min.jpg 1024w, https:\/\/obieglo.com.pl\/wp-content\/uploads\/2025\/06\/GOL-orzech-min-300x180.jpg 300w, https:\/\/obieglo.com.pl\/wp-content\/uploads\/2025\/06\/GOL-orzech-min-768x461.jpg 768w\" sizes=\"(max-width: 740px) 100vw, 740px\" \/>\t\t\t\t\t\t\t\t\t\t\t\t\t\t\t<\/div>\n\t\t\t\t<\/div>\n\t\t\t\t<\/div>\n\t\t<div class=\"elementor-element elementor-element-923162f e-con-full e-flex e-con e-child\" data-id=\"923162f\" data-element_type=\"container\" data-e-type=\"container\">\n\t\t\t\t<div class=\"elementor-element elementor-element-bbbb8fe mc_form elementor-widget elementor-widget-visaland-contact-form-widget\" data-id=\"bbbb8fe\" data-element_type=\"widget\" data-e-type=\"widget\" data-widget_type=\"visaland-contact-form-widget.default\">\n\t\t\t\t<div class=\"elementor-widget-container\">\n\t\t\t\t\t\r\n\r\n\r\n\t\t<div class=\"contact-box\">\r\n\t\t\t<div class=\"contact-title\">\r\n\t\t\t\t<h3 class=\"wow fadeInUp\" data-wow-delay=\".3s\">Uzupe\u0142nij formularz<\/h3>\r\n\t\t\t\t<p class=\"wow fadeInUp\" data-wow-delay=\".5s\">Tw\u00f3j adres e-mail nie zostanie opublikowany. Pola oznaczone gwiazdk\u0105 (*) s\u0105 obowi\u0105zkowe.<\/p>\r\n\t\t\t<\/div>\r\n\t\t\t<div class=\"contact-form-items\">\r\n\t\t\t\t<div class=\"forminator-ui forminator-custom-form forminator-custom-form-1669 forminator-design--bold  forminator_ajax\" data-forminator-render=\"0\" data-form=\"forminator-module-1669\" data-uid=\"69ff741064d0a\"><br\/><\/div><form\n\t\t\t\tid=\"forminator-module-1669\"\n\t\t\t\tclass=\"forminator-ui forminator-custom-form forminator-custom-form-1669 forminator-design--bold  forminator_ajax\"\n\t\t\t\tmethod=\"post\"\n\t\t\t\tdata-forminator-render=\"0\"\n\t\t\t\tdata-form-id=\"1669\"\n\t\t\t\t data-color-option=\"theme\" data-design=\"bold\" data-grid=\"open\" style=\"display: none;\"\n\t\t\t\tdata-uid=\"69ff741064d0a\" action=\"\"\n\t\t\t><div role=\"alert\" aria-live=\"polite\" class=\"forminator-response-message forminator-error\" aria-hidden=\"true\"><\/div><div class=\"forminator-row\"><div id=\"name-1\" class=\"forminator-field-name forminator-col forminator-col-12\"><div class=\"forminator-field\"><label for=\"forminator-field-name-1_69ff741064d0a\" id=\"forminator-field-name-1_69ff741064d0a-label\" class=\"forminator-label\">Imi\u0119 <span class=\"forminator-required\">*<\/span><\/label><input type=\"text\" name=\"name-1\" value=\"\" placeholder=\"\" id=\"forminator-field-name-1_69ff741064d0a\" class=\"forminator-input forminator-name--field\" aria-required=\"true\" autocomplete=\"name\" \/><\/div><\/div><\/div><div class=\"forminator-row\"><div id=\"email-1\" class=\"forminator-field-email forminator-col forminator-col-12\"><div class=\"forminator-field\"><label for=\"forminator-field-email-1_69ff741064d0a\" id=\"forminator-field-email-1_69ff741064d0a-label\" class=\"forminator-label\">Adres e-mail <span class=\"forminator-required\">*<\/span><\/label><input type=\"email\" name=\"email-1\" value=\"\" placeholder=\"\" id=\"forminator-field-email-1_69ff741064d0a\" class=\"forminator-input forminator-email--field\" data-required=\"true\" aria-required=\"true\" autocomplete=\"email\" \/><\/div><\/div><\/div><div class=\"forminator-row\"><div id=\"phone-1\" class=\"forminator-field-phone forminator-col forminator-col-12\"><div class=\"forminator-field\"><label for=\"forminator-field-phone-1_69ff741064d0a\" id=\"forminator-field-phone-1_69ff741064d0a-label\" class=\"forminator-label\">Numer telefonu<\/label><input type=\"text\" name=\"phone-1\" value=\"\" placeholder=\"\" id=\"forminator-field-phone-1_69ff741064d0a\" class=\"forminator-input forminator-field--phone\" data-required=\"\" aria-required=\"false\" autocomplete=\"off\" \/><\/div><\/div><\/div><div class=\"forminator-row\"><div id=\"textarea-1\" class=\"forminator-field-textarea forminator-col forminator-col-12\"><div class=\"forminator-field\"><label for=\"forminator-field-textarea-1_69ff741064d0a\" id=\"forminator-field-textarea-1_69ff741064d0a-label\" class=\"forminator-label\">Wiadomo\u015b\u0107<\/label><span id=\"forminator-field-textarea-1_69ff741064d0a-description\" class=\"forminator-description\"><span data-limit=\"180\" data-type=\"characters\" data-editor=\"\">0 \/ 180<\/span><\/span><textarea name=\"textarea-1\" placeholder=\"\" id=\"forminator-field-textarea-1_69ff741064d0a\" class=\"forminator-textarea\" rows=\"6\" style=\"--forminator-textarea-min-height:140px;\" maxlength=\"180\" ><\/textarea><\/div><\/div><\/div><div class=\"forminator-row\"><div id=\"captcha-1\" class=\"forminator-field-captcha forminator-col forminator-col-12\"><div class=\"forminator-captcha-left forminator-hcaptcha\" data-theme=\"light\"  data-sitekey=\"b2d8c2fa-e1c0-4224-a528-82a0924ee884\" data-size=\"normal\"><\/div> <\/div><\/div><input type=\"hidden\" name=\"referer_url\" value=\"\" \/><div class=\"forminator-row forminator-row-last\"><div class=\"forminator-col\"><div class=\"forminator-field\"><button class=\"forminator-button forminator-button-submit\">Wy\u015blij<\/button><\/div><\/div><\/div><input type=\"hidden\" id=\"forminator_nonce\" name=\"forminator_nonce\" value=\"f4cbee7f44\" \/><input type=\"hidden\" name=\"_wp_http_referer\" value=\"\/en\/wp-json\/wp\/v2\/pages\/1326\" \/><input type=\"hidden\" name=\"form_id\" value=\"1669\"><input type=\"hidden\" name=\"page_id\" value=\"1326\"><input type=\"hidden\" name=\"form_type\" value=\"default\"><input type=\"hidden\" name=\"current_url\" value=\"https:\/\/obieglo.com.pl\/en\/kontakt\/\"><input type=\"hidden\" name=\"render_id\" value=\"0\"><input type=\"hidden\" name=\"action\" value=\"forminator_submit_form_custom-forms\"><input type=\"hidden\" name=\"trp-form-language\" value=\"en\"\/><\/form>\t\t\t<\/div>\r\n\t\t<\/div>\r\n\r\n\t\r\n\r\n             \r\n\t\t\t\t\t\t<\/div>\n\t\t\t\t<\/div>\n\t\t\t\t<\/div>\n\t\t\t\t\t<\/div>\n\t\t\t\t<\/div>\n\t\t<div class=\"elementor-element elementor-element-2f06aa5 e-con-full e-flex e-con e-parent\" data-id=\"2f06aa5\" data-element_type=\"container\" data-e-type=\"container\">\n\t\t\t\t<div class=\"elementor-element elementor-element-986e522 elementor-widget elementor-widget-html\" data-id=\"986e522\" data-element_type=\"widget\" data-e-type=\"widget\" data-widget_type=\"html.default\">\n\t\t\t\t<div class=\"elementor-widget-container\">\n\t\t\t\t\t<iframe src=\"https:\/\/www.google.com\/maps\/embed?pb=!1m14!1m8!1m3!1d56348.83732886687!2d17.41668139790033!3d51.37934220856267!3m2!1i1024!2i768!4f13.1!3m3!1m2!1s0x470ffe53033f0ae9%3A0xc4f9d9b054ddd63d!2sZak%C5%82ad%20Produkcyjny%20S%C5%82awomir%20Obieg%C5%82o%20.!5e0!3m2!1spl!2spl!4v1751193008396!5m2!1spl!2spl\" width=\"100%\" height=\"650\" style=\"border:0;\" allowfullscreen=\"\" loading=\"lazy\" referrerpolicy=\"no-referrer-when-downgrade\"><\/iframe>\t\t\t\t<\/div>\n\t\t\t\t<\/div>\n\t\t\t\t<\/div>\n\t\t\t\t<\/div>","protected":false},"excerpt":{"rendered":"<p>Zapraszamy do kontaktu Dane kontaktowe Obieg\u0142o Meble to czo\u0142owy producent eleganckich i solidnych mebli pokojowych, kt\u00f3ry od 1988 roku \u0142\u0105czy tradycj\u0119 z nowoczesnymi technologiami! Zadzwo\u0144 +48 713 159 900 Napisz biuro@obieglo.com.pl Adres S\u0105dro\u017cyce 15, 56-416 Twardog\u00f3ra Uzupe\u0142nij formularz Tw\u00f3j adres e-mail nie zostanie opublikowany. Pola oznaczone gwiazdk\u0105 (*) s\u0105 obowi\u0105zkowe.<\/p>","protected":false},"author":1,"featured_media":0,"parent":0,"menu_order":0,"comment_status":"closed","ping_status":"closed","template":"elementor_header_footer","meta":{"inline_featured_image":false,"footnotes":""},"class_list":["post-1326","page","type-page","status-publish","hentry"],"yoast_head":"<!-- This site is optimized with the Yoast SEO Premium plugin v26.1 (Yoast SEO v26.1) - https:\/\/yoast.com\/wordpress\/plugins\/seo\/ -->\n<title>Kontakt - MEBLE OBIEG\u0141O<\/title>\n<meta name=\"robots\" content=\"index, follow, max-snippet:-1, max-image-preview:large, max-video-preview:-1\" \/>\n<link rel=\"canonical\" href=\"https:\/\/obieglo.com.pl\/en\/kontakt\/\" \/>\n<meta property=\"og:locale\" content=\"en_GB\" \/>\n<meta property=\"og:type\" content=\"article\" \/>\n<meta property=\"og:title\" content=\"Kontakt\" \/>\n<meta property=\"og:description\" content=\"Zapraszamy do kontaktu Dane kontaktowe Obieg\u0142o Meble to czo\u0142owy producent eleganckich i solidnych mebli pokojowych, kt\u00f3ry od 1988 roku \u0142\u0105czy tradycj\u0119 z nowoczesnymi technologiami! Zadzwo\u0144 +48 713 159 900 Napisz biuro@obieglo.com.pl Adres S\u0105dro\u017cyce 15, 56-416 Twardog\u00f3ra Uzupe\u0142nij formularz Tw\u00f3j adres e-mail nie zostanie opublikowany. Pola oznaczone gwiazdk\u0105 (*) s\u0105 obowi\u0105zkowe.\" \/>\n<meta property=\"og:url\" content=\"https:\/\/obieglo.com.pl\/en\/kontakt\/\" \/>\n<meta property=\"og:site_name\" content=\"MEBLE OBIEG\u0141O\" \/>\n<meta property=\"article:modified_time\" content=\"2025-07-11T12:34:36+00:00\" \/>\n<meta property=\"og:image\" content=\"https:\/\/obieglo.com.pl\/wp-content\/uploads\/2025\/06\/GOL-orzech-min.jpg\" \/>\n\t<meta property=\"og:image:width\" content=\"1024\" \/>\n\t<meta property=\"og:image:height\" content=\"615\" \/>\n\t<meta property=\"og:image:type\" content=\"image\/jpeg\" \/>\n<meta name=\"twitter:card\" content=\"summary_large_image\" \/>\n<script type=\"application\/ld+json\" class=\"yoast-schema-graph\">{\"@context\":\"https:\/\/schema.org\",\"@graph\":[{\"@type\":\"WebPage\",\"@id\":\"https:\/\/obieglo.com.pl\/kontakt\/\",\"url\":\"https:\/\/obieglo.com.pl\/kontakt\/\",\"name\":\"Kontakt - MEBLE OBIEG\u0141O\",\"isPartOf\":{\"@id\":\"https:\/\/obieglo.com.pl\/#website\"},\"primaryImageOfPage\":{\"@id\":\"https:\/\/obieglo.com.pl\/kontakt\/#primaryimage\"},\"image\":{\"@id\":\"https:\/\/obieglo.com.pl\/kontakt\/#primaryimage\"},\"thumbnailUrl\":\"https:\/\/obieglo.com.pl\/wp-content\/uploads\/2025\/06\/GOL-orzech-min.jpg\",\"datePublished\":\"2024-09-24T10:26:06+00:00\",\"dateModified\":\"2025-07-11T12:34:36+00:00\",\"breadcrumb\":{\"@id\":\"https:\/\/obieglo.com.pl\/kontakt\/#breadcrumb\"},\"inLanguage\":\"en-GB\",\"potentialAction\":[{\"@type\":\"ReadAction\",\"target\":[\"https:\/\/obieglo.com.pl\/kontakt\/\"]}]},{\"@type\":\"ImageObject\",\"inLanguage\":\"en-GB\",\"@id\":\"https:\/\/obieglo.com.pl\/kontakt\/#primaryimage\",\"url\":\"https:\/\/obieglo.com.pl\/wp-content\/uploads\/2025\/06\/GOL-orzech-min.jpg\",\"contentUrl\":\"https:\/\/obieglo.com.pl\/wp-content\/uploads\/2025\/06\/GOL-orzech-min.jpg\"},{\"@type\":\"BreadcrumbList\",\"@id\":\"https:\/\/obieglo.com.pl\/kontakt\/#breadcrumb\",\"itemListElement\":[{\"@type\":\"ListItem\",\"position\":1,\"name\":\"Strona g\u0142\u00f3wna\",\"item\":\"https:\/\/obieglo.com.pl\/\"},{\"@type\":\"ListItem\",\"position\":2,\"name\":\"Kontakt\"}]},{\"@type\":\"WebSite\",\"@id\":\"https:\/\/obieglo.com.pl\/#website\",\"url\":\"https:\/\/obieglo.com.pl\/\",\"name\":\"MEBLE OBIEG\u0141O\",\"description\":\"\",\"publisher\":{\"@id\":\"https:\/\/obieglo.com.pl\/#organization\"},\"potentialAction\":[{\"@type\":\"SearchAction\",\"target\":{\"@type\":\"EntryPoint\",\"urlTemplate\":\"https:\/\/obieglo.com.pl\/?s={search_term_string}\"},\"query-input\":{\"@type\":\"PropertyValueSpecification\",\"valueRequired\":true,\"valueName\":\"search_term_string\"}}],\"inLanguage\":\"en-GB\"},{\"@type\":\"Organization\",\"@id\":\"https:\/\/obieglo.com.pl\/#organization\",\"name\":\"MEBLE OBIEG\u0141O\",\"url\":\"https:\/\/obieglo.com.pl\/\",\"logo\":{\"@type\":\"ImageObject\",\"inLanguage\":\"en-GB\",\"@id\":\"https:\/\/obieglo.com.pl\/#\/schema\/logo\/image\/\",\"url\":\"https:\/\/obieglo.com.pl\/wp-content\/uploads\/2025\/06\/OBIEGLO_LOGO_KOLOR_CZARNY.png\",\"contentUrl\":\"https:\/\/obieglo.com.pl\/wp-content\/uploads\/2025\/06\/OBIEGLO_LOGO_KOLOR_CZARNY.png\",\"width\":262,\"height\":72,\"caption\":\"MEBLE OBIEG\u0141O\"},\"image\":{\"@id\":\"https:\/\/obieglo.com.pl\/#\/schema\/logo\/image\/\"}}]}<\/script>\n<!-- \/ Yoast SEO Premium plugin. -->","yoast_head_json":{"title":"Kontakt - MEBLE OBIEG\u0141O","robots":{"index":"index","follow":"follow","max-snippet":"max-snippet:-1","max-image-preview":"max-image-preview:large","max-video-preview":"max-video-preview:-1"},"canonical":"https:\/\/obieglo.com.pl\/en\/kontakt\/","og_locale":"en_GB","og_type":"article","og_title":"Kontakt","og_description":"Zapraszamy do kontaktu Dane kontaktowe Obieg\u0142o Meble to czo\u0142owy producent eleganckich i solidnych mebli pokojowych, kt\u00f3ry od 1988 roku \u0142\u0105czy tradycj\u0119 z nowoczesnymi technologiami! Zadzwo\u0144 +48 713 159 900 Napisz biuro@obieglo.com.pl Adres S\u0105dro\u017cyce 15, 56-416 Twardog\u00f3ra Uzupe\u0142nij formularz Tw\u00f3j adres e-mail nie zostanie opublikowany. Pola oznaczone gwiazdk\u0105 (*) s\u0105 obowi\u0105zkowe.","og_url":"https:\/\/obieglo.com.pl\/en\/kontakt\/","og_site_name":"MEBLE OBIEG\u0141O","article_modified_time":"2025-07-11T12:34:36+00:00","og_image":[{"width":1024,"height":615,"url":"https:\/\/obieglo.com.pl\/wp-content\/uploads\/2025\/06\/GOL-orzech-min.jpg","type":"image\/jpeg"}],"twitter_card":"summary_large_image","schema":{"@context":"https:\/\/schema.org","@graph":[{"@type":"WebPage","@id":"https:\/\/obieglo.com.pl\/kontakt\/","url":"https:\/\/obieglo.com.pl\/kontakt\/","name":"Kontakt - MEBLE OBIEG\u0141O","isPartOf":{"@id":"https:\/\/obieglo.com.pl\/#website"},"primaryImageOfPage":{"@id":"https:\/\/obieglo.com.pl\/kontakt\/#primaryimage"},"image":{"@id":"https:\/\/obieglo.com.pl\/kontakt\/#primaryimage"},"thumbnailUrl":"https:\/\/obieglo.com.pl\/wp-content\/uploads\/2025\/06\/GOL-orzech-min.jpg","datePublished":"2024-09-24T10:26:06+00:00","dateModified":"2025-07-11T12:34:36+00:00","breadcrumb":{"@id":"https:\/\/obieglo.com.pl\/kontakt\/#breadcrumb"},"inLanguage":"en-GB","potentialAction":[{"@type":"ReadAction","target":["https:\/\/obieglo.com.pl\/kontakt\/"]}]},{"@type":"ImageObject","inLanguage":"en-GB","@id":"https:\/\/obieglo.com.pl\/kontakt\/#primaryimage","url":"https:\/\/obieglo.com.pl\/wp-content\/uploads\/2025\/06\/GOL-orzech-min.jpg","contentUrl":"https:\/\/obieglo.com.pl\/wp-content\/uploads\/2025\/06\/GOL-orzech-min.jpg"},{"@type":"BreadcrumbList","@id":"https:\/\/obieglo.com.pl\/kontakt\/#breadcrumb","itemListElement":[{"@type":"ListItem","position":1,"name":"Strona g\u0142\u00f3wna","item":"https:\/\/obieglo.com.pl\/"},{"@type":"ListItem","position":2,"name":"Kontakt"}]},{"@type":"WebSite","@id":"https:\/\/obieglo.com.pl\/#website","url":"https:\/\/obieglo.com.pl\/","name":"MEBLE OBIEG\u0141O","description":"","publisher":{"@id":"https:\/\/obieglo.com.pl\/#organization"},"potentialAction":[{"@type":"SearchAction","target":{"@type":"EntryPoint","urlTemplate":"https:\/\/obieglo.com.pl\/?s={search_term_string}"},"query-input":{"@type":"PropertyValueSpecification","valueRequired":true,"valueName":"search_term_string"}}],"inLanguage":"en-GB"},{"@type":"Organization","@id":"https:\/\/obieglo.com.pl\/#organization","name":"MEBLE OBIEG\u0141O","url":"https:\/\/obieglo.com.pl\/","logo":{"@type":"ImageObject","inLanguage":"en-GB","@id":"https:\/\/obieglo.com.pl\/#\/schema\/logo\/image\/","url":"https:\/\/obieglo.com.pl\/wp-content\/uploads\/2025\/06\/OBIEGLO_LOGO_KOLOR_CZARNY.png","contentUrl":"https:\/\/obieglo.com.pl\/wp-content\/uploads\/2025\/06\/OBIEGLO_LOGO_KOLOR_CZARNY.png","width":262,"height":72,"caption":"MEBLE OBIEG\u0141O"},"image":{"@id":"https:\/\/obieglo.com.pl\/#\/schema\/logo\/image\/"}}]}},"_links":{"self":[{"href":"https:\/\/obieglo.com.pl\/en\/wp-json\/wp\/v2\/pages\/1326","targetHints":{"allow":["GET"]}}],"collection":[{"href":"https:\/\/obieglo.com.pl\/en\/wp-json\/wp\/v2\/pages"}],"about":[{"href":"https:\/\/obieglo.com.pl\/en\/wp-json\/wp\/v2\/types\/page"}],"author":[{"embeddable":true,"href":"https:\/\/obieglo.com.pl\/en\/wp-json\/wp\/v2\/users\/1"}],"replies":[{"embeddable":true,"href":"https:\/\/obieglo.com.pl\/en\/wp-json\/wp\/v2\/comments?post=1326"}],"version-history":[{"count":32,"href":"https:\/\/obieglo.com.pl\/en\/wp-json\/wp\/v2\/pages\/1326\/revisions"}],"predecessor-version":[{"id":1927,"href":"https:\/\/obieglo.com.pl\/en\/wp-json\/wp\/v2\/pages\/1326\/revisions\/1927"}],"wp:attachment":[{"href":"https:\/\/obieglo.com.pl\/en\/wp-json\/wp\/v2\/media?parent=1326"}],"curies":[{"name":"wp","href":"https:\/\/api.w.org\/{rel}","templated":true}]}}